{"id":1327,"date":"2022-07-25T21:08:03","date_gmt":"2022-07-25T21:08:03","guid":{"rendered":"http:\/\/cilenedelfuego.wwwaz1-lr4.supercp.com\/?page_id=1327"},"modified":"2024-11-18T17:56:37","modified_gmt":"2024-11-18T17:56:37","slug":"privacy-policy-2","status":"publish","type":"page","link":"https:\/\/cilenedelfaro.com\/en\/privacy-policy-2\/","title":{"rendered":"Pol\u00edtica de Privacidad"},"content":{"rendered":"<p>[spb_blank_spacer height=&#8221;30px&#8221; width=&#8221;1\/1&#8243; el_position=&#8221;first last&#8221;] [spb_blank_spacer height=&#8221;30px&#8221; width=&#8221;1\/1&#8243; el_position=&#8221;first last&#8221;] [spb_text_block animation=&#8221;none&#8221; animation_delay=&#8221;0&#8243; simplified_controls=&#8221;yes&#8221; custom_css_percentage=&#8221;no&#8221; padding_vertical=&#8221;0&#8243; padding_horizontal=&#8221;0&#8243; margin_vertical=&#8221;0&#8243; custom_css=&#8221;margin-top: 0px;margin-bottom: 0px;&#8221; border_size=&#8221;0&#8243; border_styling_global=&#8221;default&#8221; width=&#8221;1\/1&#8243; el_position=&#8221;first last&#8221;]<\/p>\n<h1><span style=\"color: #8e8e8e;\"><b>Aviso legal<\/b><\/span><\/h1>\n<h3><span style=\"color: #8e8e8e;\"><b>1.<\/b><b>\u00a0<\/b><b>Informaci\u00f3n Legal para Cilene del Faro\u00a0<\/b><\/span><\/h3>\n<ul>\n<li aria-level=\"1\"><span style=\"color: #8e8e8e;\"><b>Direcci\u00f3n del hotel<\/b>: Yaganes 74, V9410 Ushuaia, Tierra del Fuego, Argentina<\/span><\/li>\n<li aria-level=\"1\"><span style=\"color: #8e8e8e;\"><b>N\u00famero de contacto: <\/b>08106669118<\/span><\/li>\n<li aria-level=\"1\"><span style=\"color: #8e8e8e;\"><b>Email<\/b>: reservas@cilenedelfaro.com<\/span><\/li>\n<\/ul>\n<h3><span style=\"color: #8e8e8e;\"><b>Detalle de Contacto Protecci\u00f3n de Datos: reservas@cilenedelfaro.com<\/b><\/span><\/h3>\n<h3><span style=\"color: #8e8e8e;\"><b>2. Pol\u00edtica de privacidad<\/b><\/span><\/h3>\n<p><span style=\"color: #8e8e8e;\">La presente declaraci\u00f3n de privacidad hace referencia a nuestro sitio web y al proceso de reservas en l\u00ednea. Cualquier informaci\u00f3n personal que nos proporcione se tratar\u00e1 conforme a los est\u00e1ndares adecuados en materia de seguridad y confidencialidad y de acuerdo a la Ley de Protecci\u00f3n de Datos Personales\u00a0<span class=\"ILfuVd\" lang=\"es\"><span class=\"hgKElc\"><b>25.326\u00a0<\/b><\/span><\/span>y la legislaci\u00f3n nacional asociada a la misma.<\/span><\/p>\n<h5><span style=\"color: #8e8e8e;\"><b>\u00bfSobre qu\u00e9 base legal recopilamos y tratamos informaci\u00f3n sobre usted?<\/b><\/span><\/h5>\n<ul>\n<li><span style=\"color: #8e8e8e;\">Si est\u00e1 realizando una reserva en l\u00ednea, recopilamos y tratamos informaci\u00f3n sobre usted basada en su obligaci\u00f3n contractual para realizar dichos procesos.<\/span><\/li>\n<li><span style=\"color: #8e8e8e;\">El resto de informaci\u00f3n que no es necesaria para realizar el proceso de reserva en l\u00ednea se recopilar\u00e1 y\/o tratar\u00e1 sobre la base del consentimiento; es decir, se solicitar\u00e1 su consentimiento expl\u00edcito y tendr\u00e1 derecho a aceptar o rechazar proporcionarnos dicha informaci\u00f3n.<\/span><\/li>\n<\/ul>\n<p><span style=\"color: #8e8e8e;\"><b>Reservas seguras en l\u00ednea<\/b><\/span><\/p>\n<ul>\n<li><span style=\"color: #8e8e8e;\">Si decide hacer una reserva en l\u00ednea en nuestro sitio web, se le redirigir\u00e1 a un motor de reservas gestionado por nuestro socio BeBetterHotels. Toda la informaci\u00f3n se env\u00eda de forma segura y est\u00e1 protegida contra su divulgaci\u00f3n a terceros. BeBetterHotels cuenta con la certificaci\u00f3n pertinente conforme a las PCI DSS (normas de seguridad de la informaci\u00f3n en la industria de medios de pago). Puede consultar la Pol\u00edtica de privacidad y seguridad de BeBetterHotels en este enlace: https:\/\/www.bebetterhotels.com\/politicas-de-privacidad\/<\/span><\/li>\n<\/ul>\n<p><span style=\"color: #8e8e8e;\"><b>\u00bfPor qu\u00e9 recolectamos informaci\u00f3n?<\/b><\/span><\/p>\n<ul>\n<li><span style=\"color: #8e8e8e;\">En caso de que se haya suscrito a nuestra lista de correo, la informaci\u00f3n se recopila con el objeto de mantenerlo informado sobre las \u00faltimas noticias y ofertas especiales.<\/span><\/li>\n<\/ul>\n<h5><span style=\"color: #8e8e8e;\"><b>\u00bfQu\u00e9 informaci\u00f3n recopilamos sobre usted?<\/b><\/span><\/h5>\n<ul>\n<li><span style=\"color: #8e8e8e;\">Para poder realizar el proceso de reserva en l\u00ednea, necesitamos toda la informaci\u00f3n marcada con un asterisco, incluido su nombre, direcci\u00f3n postal, n\u00famero de tel\u00e9fono, direcci\u00f3n de correo electr\u00f3nico y datos de la tarjeta de cr\u00e9dito que se usar\u00e1 para pagar el alojamiento. Asimismo, recopilaremos cualquier otro tipo de informaci\u00f3n sobre la reserva que nos proporcione voluntariamente; por ejemplo, los datos sobre requisitos especiales.<\/span><\/li>\n<li><span style=\"color: #8e8e8e;\">Durante el proceso de reserva en l\u00ednea, le pediremos su consentimiento para usar sus datos de contacto con fines distintos a los relacionados con su reserva; por ejemplo, para enviarle ofertas especiales u otras comunicaciones.<\/span><\/li>\n<li><span style=\"color: #8e8e8e;\">En caso de que se haya suscrito a nuestra lista de correo, recopilamos su nombre y direcci\u00f3n de correo electr\u00f3nico para mantenerlo informado sobre ofertas especiales u otras noticias.<\/span><\/li>\n<li><span style=\"color: #8e8e8e;\">En el sitio y durante el proceso de reserva en l\u00ednea podemos recopilar cookies. Consulte informaci\u00f3n sobre nuestra Pol\u00edtica de cookies m\u00e1s abajo.<\/span><\/li>\n<\/ul>\n<p><span style=\"color: #8e8e8e;\"><strong>\u00bfQu\u00e9 ocurre si no desea proporcionar sus datos personales?<\/strong><\/span><\/p>\n<ul>\n<li><span style=\"color: #8e8e8e;\">Si no desea proporcionar datos que son obligatorios para realizar el proceso de reserva en l\u00ednea o el proceso de compra de bonos en l\u00ednea, tal como indica el asterisco, no podr\u00e1 llevar a cabo el proceso en cuesti\u00f3n y le recomendamos que se ponga en contacto con nosotros directamente.<\/span><\/li>\n<li><span style=\"color: #8e8e8e;\">Si no desea proporcionar datos durante el proceso de reserva en l\u00ednea o el proceso de compra de bonos en l\u00ednea que no son obligatorios (es decir, que no est\u00e1n marcados con un asterisco), puede decidir no facilitar dicha informaci\u00f3n y esto no afectar\u00e1 al proceso.<\/span><\/li>\n<li><span style=\"color: #8e8e8e;\">Si no desea proporcionar informaci\u00f3n que se solicite para servicios diferentes al proceso de reserva, como registrarse a boletines informativos y ofertas especiales, no podr\u00e1 beneficiarse de dichos servicios. No obstante, esto no afectar\u00e1 en modo alguno al proceso de reserva. Si inicialmente dio su consentimiento pero ya no desea seguir recibiendo estos servicios, puede retirar su consentimiento en cualquier momento anulando la suscripci\u00f3n y\/o poni\u00e9ndose en contacto con nosotros (consulte los datos de contacto arriba).<\/span><\/li>\n<li><span style=\"color: #8e8e8e;\">Si no desea que recopilemos informaci\u00f3n con cookies, consulte nuestra Pol\u00edtica de Cookies m\u00e1s abajo para obtener m\u00e1s informaci\u00f3n.<\/span><\/li>\n<\/ul>\n<h5><span style=\"color: #8e8e8e;\"><b>\u00bfC\u00f3mo utilizamos la informaci\u00f3n?<\/b><\/span><\/h5>\n<ul>\n<li><span style=\"color: #8e8e8e;\">Con el fin de completar el proceso de reserva en l\u00ednea<\/span><\/li>\n<li><span style=\"color: #8e8e8e;\">En caso de que se haya suscrito a nuestra lista de correo o haya dado su consentimiento durante el proceso de reserva en l\u00ednea para que contactemos con usted en el futuro con fines que no est\u00e9n directamente relacionados con su reserva, podemos enviarle noticias e informaci\u00f3n sobre ofertas especiales.<\/span><\/li>\n<li><span style=\"color: #8e8e8e;\">Con fines estad\u00edsticos, para facilitar la implementaci\u00f3n de mejoras.<\/span><\/li>\n<li><span style=\"color: #8e8e8e;\">Si se realiza otro tipo de tratamiento, se le pedir\u00e1 su consentimiento.<\/span><\/li>\n<\/ul>\n<h5><span style=\"color: #8e8e8e;\"><b>\u00bfQui\u00e9n tiene acceso a una parte o toda la informaci\u00f3n que recopilamos?<\/b><\/span><\/h5>\n<ul>\n<li><span style=\"color: #8e8e8e;\">Nuestro socio de reservas en l\u00ednea, BeBetterHotels, sus sucursales y filiales.<\/span><\/li>\n<li><span style=\"color: #8e8e8e;\">Colaboramos con terceros para que nos ayuden con nuestras actividades de marketing, como con nuestra lista de correo.<\/span><\/li>\n<li><span style=\"color: #8e8e8e;\">Algunos terceros tienen acceso a sus cookies. Consulte nuestra Pol\u00edtica de Cookies para obtener m\u00e1s informaci\u00f3n. Estos terceros pueden almacenar y tratar los datos de este tipo fuera de la Argentina.<\/span><\/li>\n<li><span style=\"color: #8e8e8e;\">A los servicios de compensaci\u00f3n financiera, incluidos los prestatarios de servicios financieros de pago, se les conceder\u00e1 oportunamente acceso a la informaci\u00f3n de la tarjeta de cr\u00e9dito con el fin de facilitar el proceso de reserva.<\/span><\/li>\n<li><span style=\"color: #8e8e8e;\">Las autoridades legales, cuando exista obligaci\u00f3n legal.<\/span><\/li>\n<\/ul>\n<h5><span style=\"color: #8e8e8e;\"><b>\u00bfSus datos est\u00e1n seguros?<\/b><\/span><\/h5>\n<ul>\n<li><span style=\"color: #8e8e8e;\">Contamos con sistemas y procesos de almacenamiento seguros.<\/span><\/li>\n<\/ul>\n<h5><span style=\"color: #8e8e8e;\"><b>\u00bfCu\u00e1les son sus derechos?<\/b><\/span><\/h5>\n<ul>\n<li><span style=\"color: #8e8e8e;\">Tiene derecho a solicitar acceso a todos los datos que tenemos relacionados con usted.<\/span><\/li>\n<li><span style=\"color: #8e8e8e;\">Tiene derecho a solicitar la rectificaci\u00f3n de los datos que tengamos relacionados con usted.<\/span><\/li>\n<li><span style=\"color: #8e8e8e;\">Tiene derecho a solicitar la eliminaci\u00f3n de los datos que tenemos relacionados con usted; tenga en cuenta que la eliminaci\u00f3n de determinados datos puede afectar a la prestaci\u00f3n de nuestros servicios.<\/span><\/li>\n<li><span style=\"color: #8e8e8e;\">Tiene derecho a la portabilidad de los datos. Esto significa que puede solicitar que sus datos se pongan a su disposici\u00f3n en un formato adecuado.<\/span><\/li>\n<li><span style=\"color: #8e8e8e;\">En caso de que hayamos recibido el consentimiento para recopilar y tratar determinados aspectos de sus datos personales, tiene derecho a retirar su consentimiento en cualquier momento. Por ejemplo, puede cancelar la suscripci\u00f3n a nuestra lista de correo en cualquier momento haciendo clic en el bot\u00f3n para cancelar la suscripci\u00f3n que encontrar\u00e1 al final del correo electr\u00f3nico.<\/span><\/li>\n<li><span style=\"color: #8e8e8e;\">Tiene derecho a presentar una reclamaci\u00f3n ante la autoridad de control pertinente. \u00bfDurante cu\u00e1nto tiempo almacenaremos sus datos?<\/span><\/li>\n<li><span style=\"color: #8e8e8e;\">Conservamos su informaci\u00f3n personal durante el tiempo necesario para el fin para el cual se recopilaron originalmente, o se trataron ulteriormente de manera l\u00edcita. Estos son algunos de los criterios que usamos para determinar el per\u00edodo durante el cual podemos almacenar su informaci\u00f3n personal: La naturaleza o tipo de informaci\u00f3n personal que nos provea, el prop\u00f3sito por el cual nos ha provisto de su informaci\u00f3n, y\/o requerimientos operacionales necesarios para poder continuar proveyendo los servicios o funcionalidades que ha solicitado.<\/span><\/li>\n<li><span style=\"color: #8e8e8e;\">Podemos conservar su informaci\u00f3n durante un per\u00edodo superior si se nos exige por ley. \u00bfQu\u00e9 puede hacer si tiene problemas o desea ejercer sus derechos?<\/span><\/li>\n<li><span style=\"color: #8e8e8e;\">Puede ponerse en contacto con nosotros (consulte los datos de contacto arriba).<\/span><\/li>\n<li><span style=\"color: #8e8e8e;\">En particular, si cree que nuestro sitio web o nuestros sistemas han recopilado informaci\u00f3n incorrecta o si desea cuestionar cualquier informaci\u00f3n, no dude en ponerse en contacto con nosotros.<\/span><\/li>\n<\/ul>\n<h5><span style=\"color: #8e8e8e;\"><b>Privacidad de los ni\u00f1os y consentimiento parental<\/b><\/span><\/h5>\n<p><span style=\"color: #8e8e8e;\">Tenga en cuenta que este sitio web no ha sido dise\u00f1ado para menores de 18 a\u00f1os, y su uso no se prev\u00e9 para menores de 18 a\u00f1os. Por tanto, este sitio web no debe ser usado por personas menores de 18 a\u00f1os. Nuestra Pol\u00edtica de privacidad nos proh\u00edbe aceptar usuarios menores de edad. Solicitamos espec\u00edficamente que las personas que tengan menos de 18 a\u00f1os no utilicen este sitio web y no env\u00eden ni publiquen informaci\u00f3n en el mismo. En caso de que adquiramos inadvertidamente informaci\u00f3n personal u otros datos de usuarios menores de 18 a\u00f1os, no proporcionaremos intencionadamente estos datos a terceros para ning\u00fan fin, y la posterior divulgaci\u00f3n se deber\u00eda al hecho de que el usuario menor de 18 a\u00f1os utiliz\u00f3 el sitio web y envi\u00f3 informaci\u00f3n personal sin solicitarnoslo y sin pedirnos permiso.<\/span><\/p>\n<h5><span style=\"color: #8e8e8e;\"><b>Enlaces proporcionados a otros sitios<\/b><\/span><\/h5>\n<p><span style=\"color: #8e8e8e;\">No somos responsables de las pol\u00edticas de privacidad o las acciones de terceros, incluidos, entre otros, los propietarios de sitios a los cuales se pueda acceder a trav\u00e9s de este sitio web. Le instamos a que se ponga en contacto con las partes pertinentes que controlen dichos sitios web de terceros o acceda a sus pol\u00edticas en l\u00ednea para consultar la informaci\u00f3n pertinente sobre sus pr\u00e1cticas en materia de recopilaci\u00f3n de datos y pol\u00edticas de privacidad antes de enviar ning\u00fan tipo de informaci\u00f3n personal u otros datos sensibles.<\/span><\/p>\n<h3><span style=\"color: #8e8e8e;\"><b>3. Pol\u00edtica de Cookies<\/b><\/span><\/h3>\n<p><span style=\"color: #8e8e8e;\">En la presente Pol\u00edtica se resume c\u00f3mo podemos usar las cookies en nuestro sitio web. Con el objeto de conseguir que este sitio web funcione correctamente, podemos colocar peque\u00f1os archivos de datos llamados cookies en su dispositivo. Las cookies que utilizamos nos permiten mejorar nuestro sitio web y ofrecerle un servicio m\u00e1s personalizado.<\/span><\/p>\n<h5><span style=\"color: #8e8e8e;\"><b>\u00bfQu\u00e9 son las cookies?<\/b><\/span><\/h5>\n<p><span style=\"color: #8e8e8e;\">Las cookies son archivos de texto que contienen peque\u00f1as cantidades de informaci\u00f3n y que se descargan en su dispositivo cuando visita nuestro sitio web. Entonces, las cookies se env\u00edan de vuelta al sitio web inicial en cada visita que se realice a partir de ese momento, o a otro sitio web que reconozca esa cookie. Las cookies son \u00fatiles porque permiten que un sitio web reconozca el dispositivo de un usuario. Permiten que el sitio web recuerde sus acciones y preferencias (por ejemplo, el nombre de inicio de sesi\u00f3n, el idioma, el tama\u00f1o de la letra y otras preferencias de pantalla) durante un per\u00edodo de tiempo, para que no tenga que introducir esta informaci\u00f3n cada vez que visite el mismo sitio web o navegue de una p\u00e1gina a otra. Hay diferentes tipos de cookies, y cada tipo tiene un fin distinto. Por ejemplo, algunas cookies se utilizan para recordar la acci\u00f3n de un usuario, otras para identificar al usuario o para ofrecer publicidad basada en su comportamiento en l\u00ednea.<\/span><\/p>\n<h5><span style=\"color: #8e8e8e;\"><b>\u00bfQu\u00e9 tipos de cookies pueden usarse?<\/b><\/span><\/h5>\n<h5><span style=\"color: #8e8e8e;\"><b>Cookies estrictamente necesarias<\/b><\/span><\/h5>\n<p><span style=\"color: #8e8e8e;\">Las cookies estrictamente necesarias son esenciales para que pueda moverse por un sitio web y usar sus funciones. Usamos estas cookies para habilitar los servicios que nos ha solicitado espec\u00edficamente.<\/span><\/p>\n<h5><span style=\"color: #8e8e8e;\"><b>Cookies de rendimiento<\/b><\/span><\/h5>\n<p><span style=\"color: #8e8e8e;\">Las cookies de rendimiento recopilan informaci\u00f3n sobre el uso de un sitio web por parte de los visitantes; es decir, las p\u00e1ginas m\u00e1s visitadas. Usamos estas cookies para recopilar informaci\u00f3n an\u00f3nimamente sobre las p\u00e1ginas que ha visitado.<\/span><\/p>\n<h5><span style=\"color: #8e8e8e;\"><b>Cookies funcionales<\/b><\/span><\/h5>\n<p><span style=\"color: #8e8e8e;\">Las cookies funcionales permiten que el sitio web recuerde opciones elegidas por el usuario (por ejemplo, nombre, direcci\u00f3n o idioma). Usamos estas cookies para recordar opciones elegidas con el objeto de mejorar la experiencia de nuestros usuarios.<\/span><\/p>\n<h5><span style=\"color: #8e8e8e;\"><b>Cookies publicitarias<\/b><\/span><\/h5>\n<p><span style=\"color: #8e8e8e;\">Las cookies publicitarias se utilizan para ofrecer anuncios m\u00e1s relevantes en funci\u00f3n de los intereses de un usuario.<\/span><\/p>\n<p><span style=\"color: #8e8e8e;\">Recuerdan que un usuario ya ha visitado un sitio web anteriormente. Suelen estar vinculadas a la funcionalidad del sitio. Usamos estas cookies para recopilar informaci\u00f3n sobre sus h\u00e1bitos de navegaci\u00f3n con el fin de ofrecerle publicidad m\u00e1s relevante para usted y adaptada a sus intereses.<\/span><\/p>\n<h5><span style=\"color: #8e8e8e;\"><b>Publicidad personalizada<\/b><\/span><\/h5>\n<p><span style=\"color: #8e8e8e;\">Google y otros proveedores externos muestran nuestros anuncios en diferentes p\u00e1ginas de Internet. Si tiene las cookies activadas, es posible que vea anuncios de este sitio web en otros sitios web.<\/span><\/p>\n<h5><span style=\"color: #8e8e8e;\"><b>Cookies de terceros<\/b><\/span><\/h5>\n<p><span style=\"color: #8e8e8e;\">Podemos instalar cookies de terceros en nuestro sitio web. Las cookies de terceros son aquellas que instala un sitio web que no es el que est\u00e1 visitando el usuario. Si un usuario visita un sitio web y otra entidad instala una cookie a trav\u00e9s de ese sitio, se trata de una cookie de terceros.<\/span><\/p>\n<h5><span style=\"color: #8e8e8e;\"><b>\u00bfQu\u00e9 cookies se utilizan en el sitio web?<\/b><\/span><\/h5>\n<p><span style=\"color: #8e8e8e;\">En el sitio web utilizamos las siguientes cookies. Si desea renunciar al uso de cualquiera de estas cookies, consulte la secci\u00f3n \u00ab\u00bfC\u00f3mo se puede retirar el consentimiento a la recopilaci\u00f3n de las cookies?\u00bb que encontrar\u00e1 m\u00e1s abajo.<\/span><\/p>\n<h5><span style=\"color: #8e8e8e;\"><b>Cookies de BeBetterHotels:<\/b><\/span><\/h5>\n<p><span style=\"color: #8e8e8e;\">La cookie de sesi\u00f3n de BeBetterHotels es una cookie estrictamente necesaria. Es esencial para el servicio y mantiene la sesi\u00f3n del usuario. La controla BeBetterHotels y expira con la sesi\u00f3n.<\/span><\/p>\n<p><span style=\"color: #8e8e8e;\">La cookie de sesi\u00f3n de BeBetterHotels es una cookie estrictamente necesaria. Es esencial para el servicio y mantiene la sesi\u00f3n del usuario. La controla BeBetterHotels y expira con la sesi\u00f3n.<\/span><\/p>\n<p><span style=\"color: #8e8e8e;\">La cookie para el seguimiento de conversiones de BeBetterHotels es una cookie de rendimiento. Es esencial para el servicio y realiza un seguimiento de las estad\u00edsticas de conversiones. La controla BeBetterHotels y expira al cabo de 1 a\u00f1o.<\/span><\/p>\n<p><span style=\"color: #8e8e8e;\">La cookie de referencia de reserva de BeBetterHotels es una cookie funcional. No es esencial para el servicio y guarda las preferencias del usuario. La controla BeBetterHotels y expira al cabo de 1 a\u00f1o.<\/span><\/p>\n<p><span style=\"color: #8e8e8e;\">La cookie de sesi\u00f3n de BeBetterHotels es una cookie estrictamente necesaria. Es esencial para el servicio y guarda las preferencias del usuario. La controla BeBetterHotels y expira con la sesi\u00f3n.<\/span><\/p>\n<h5><span style=\"color: #8e8e8e;\"><b>Cookies de Google:<\/b><\/span><\/h5>\n<p><span style=\"color: #8e8e8e;\">Las cookies de Google son cookies de terceros controladas por Google, y tanto Bookassist como el hotel pueden acceder a ellas. Para obtener informaci\u00f3n sobre las cookies de Google, visite esta p\u00e1gina web: https:\/\/policies.google.com\/technologies\/cookies?hl=es<\/span><\/p>\n<p><span style=\"color: #8e8e8e;\">Google Analytics es una cookie de rendimiento de terceros. Es esencial para el servicio y se utiliza para recopilar informaci\u00f3n sobre c\u00f3mo se utiliza el sitio web. Puede consultar m\u00e1s informaci\u00f3n sobre Google Analytics en esta p\u00e1gina: https:\/\/developers.google.com\/analytics\/devguides\/collection\/analyticsjs\/cookie-usage?hl=es<\/span><\/p>\n<p><span style=\"color: #8e8e8e;\">Remarketing de Google es una cookie publicitaria o de publicidad personalizada de terceros. No es esencial para el servicio y se utiliza para ofrecer publicidad relevante en funci\u00f3n de sus intereses.<\/span><\/p>\n<p><span style=\"color: #8e8e8e;\">Google Adwords es una cookie de rendimiento de terceros. No es esencial para el servicio y se utiliza para recopilar informaci\u00f3n estad\u00edstica sobre el uso y las conversiones.<\/span><\/p>\n<h5><span style=\"color: #8e8e8e;\"><b>Otras cookies de terceros:<\/b><\/span><\/h5>\n<p><span style=\"color: #8e8e8e;\">Facebook, Twitter y Google+ son cookies de terceros que se utilizan para compartir contenido en redes sociales. No son esenciales para el servicio. Las controlan los terceros mencionados.<\/span><\/p>\n<p><span style=\"color: #8e8e8e;\">Vimeo y Youtube son cookies de terceros que se utilizan para ofrecer v\u00eddeos y no son esenciales para el servicio. Las controlan los terceros mencionados.<\/span><\/p>\n<h5><span style=\"color: #8e8e8e;\"><b>\u00bfLas cookies se utilizar\u00e1n para fines diferentes a los expuestos anteriormente?<\/b><\/span><\/h5>\n<p><span style=\"color: #8e8e8e;\">Las cookies no se utilizar\u00e1n para ning\u00fan otro fin que no se haya descrito anteriormente. Sin embargo, cabe tener en cuenta que la presente Pol\u00edtica de cookies puede cambiar oportunamente. Por tanto, tiene el deber de asegurarse de que ha le\u00eddo la Pol\u00edtica de cookies m\u00e1s actualizada cuando utilice nuestros servicios o visite nuestro sitio web.<\/span><\/p>\n<h5><span style=\"color: #8e8e8e;\"><b>\u00bfC\u00f3mo se puede retirar el consentimiento a la recopilaci\u00f3n de las cookies?<\/b><\/span><\/h5>\n<p><span style=\"color: #8e8e8e;\">Puede controlar y\/o eliminar las cookies cuando lo desee. Para obtener informaci\u00f3n al respecto, consulte el siguiente enlace:\u00a0<a style=\"color: #8e8e8e;\" href=\"http:\/\/www.aboutcookies.org\/\" rel=\"nofollow noopener\" target=\"_blank\">www.aboutcookies.org<\/a>. Puede eliminar todas las cookies que ya est\u00e9n instaladas en su ordenador y puede configurar la mayor\u00eda de navegadores para que no permitan su uso. Sin embargo, si lo hace, debe tener en cuenta que es posible que deba ajustar manualmente las preferencias cada vez que visite un sitio web, y puede que algunos servicios y funcionalidades no anden correctamente.<\/span><\/p>\n<p><span style=\"color: #8e8e8e;\">Si desea inhabilitar Google Analytics en particular por favor visite la p\u00e1gina de inhabilitaci\u00f3n de Google Analytics: https:\/\/tools.google.com\/dlpage\/gaoptout\/<\/span><\/p>\n<p><span style=\"color: #8e8e8e;\">Si desea inhabilitar \u00fanicamente la publicidad personalizada, visite la p\u00e1gina web de inhabilitaci\u00f3n de Network Advertising Initiative: http:\/\/www.networkadvertising.org\/choices\/<\/span><\/p>\n<p><span style=\"color: #8e8e8e;\">Tenga en cuenta que si bloquea las cookies, es posible que no pueda usar la plena funcionalidad de este sitio web, y en particular el motor de reservas para realizar una reserva.<\/span><\/p>\n<h5><span style=\"color: #8e8e8e;\"><b>\u00bfSu derecho a la privacidad?<\/b><\/span><\/h5>\n<p><span style=\"color: #8e8e8e;\">Respetamos su derecho a la privacidad. Cualquier informaci\u00f3n personal que proporcione en este sitio web se tratar\u00e1 conforme a los est\u00e1ndares adecuados en materia de seguridad y confidencialidad y de acuerdo con\u00a0la Ley de Protecci\u00f3n de Datos Peronales 25.326 y la lesgislaci\u00f3n nacional asociada.\u00a0<span class=\"ILfuVd\" lang=\"es\"><span class=\"hgKElc\"><b>25.326\u00a0<\/b><\/span><\/span>y la legislaci\u00f3n nacional asociada a la misma.<\/span><\/p>\n<p><span style=\"color: #8e8e8e;\">En caso de que, tras proporcionar informaci\u00f3n personal, requiera una copia de lo recopilado o desee comentarlo, corregirlo o eliminarlo, p\u00f3ngase en contacto con nosotros. Para obtener m\u00e1s informaci\u00f3n, consulte nuestra Pol\u00edtica de privacidad (arriba).<\/span><\/p>\n<h5><span style=\"color: #8e8e8e;\"><b>Modificaciones en la Pol\u00edtica<\/b><\/span><\/h5>\n<p><span style=\"color: #8e8e8e;\">Nos reservamos el derecho de modificar la presente Pol\u00edtica en cualquier momento y de publicar los cambios sin enviar una notificaci\u00f3n espec\u00edfica a los usuarios del sitio web.<\/span><\/p>\n<p>[\/spb_text_block]<\/p>\n","protected":false},"excerpt":{"rendered":"<p>[spb_blank_spacer height=&#8221;30px&#8221; width=&#8221;1\/1&#8243; el_position=&#8221;first last&#8221;] [spb_blank_spacer height=&#8221;30px&#8221; width=&#8221;1\/1&#8243; el_position=&#8221;first last&#8221;] [spb_text_block animation=&#8221;none&#8221; animation_delay=&#8221;0&#8243; simplified_controls=&#8221;yes&#8221; custom_css_percentage=&#8221;no&#8221; padding_vertical=&#8221;0&#8243; padding_horizontal=&#8221;0&#8243; margin_vertical=&#8221;0&#8243; custom_css=&#8221;margin-top: 0px;margin-bottom: 0px;&#8221; border_size=&#8221;0&#8243; border_styling_global=&#8221;default&#8221; width=&#8221;1\/1&#8243; el_position=&#8221;first last&#8221;] Aviso legal 1.\u00a0Informaci\u00f3n Legal para Cilene del Faro\u00a0 Direcci\u00f3n del hotel: Yaganes 74, V9410 Ushuaia, Tierra del Fuego, Argentina N\u00famero de contacto: 08106669118 Email: reservas@cilenedelfaro.com Detalle de Contacto Protecci\u00f3n de Datos: reservas@cilenedelfaro.com 2. Pol\u00edtica [&hellip;]<\/p>\n","protected":false},"author":1,"featured_media":0,"parent":0,"menu_order":0,"comment_status":"closed","ping_status":"closed","template":"","meta":{"footnotes":""},"class_list":["post-1327","page","type-page","status-publish","hentry"],"_links":{"self":[{"href":"https:\/\/cilenedelfaro.com\/en\/wp-json\/wp\/v2\/pages\/1327","targetHints":{"allow":["GET"]}}],"collection":[{"href":"https:\/\/cilenedelfaro.com\/en\/wp-json\/wp\/v2\/pages"}],"about":[{"href":"https:\/\/cilenedelfaro.com\/en\/wp-json\/wp\/v2\/types\/page"}],"author":[{"embeddable":true,"href":"https:\/\/cilenedelfaro.com\/en\/wp-json\/wp\/v2\/users\/1"}],"replies":[{"embeddable":true,"href":"https:\/\/cilenedelfaro.com\/en\/wp-json\/wp\/v2\/comments?post=1327"}],"version-history":[{"count":15,"href":"https:\/\/cilenedelfaro.com\/en\/wp-json\/wp\/v2\/pages\/1327\/revisions"}],"predecessor-version":[{"id":4070,"href":"https:\/\/cilenedelfaro.com\/en\/wp-json\/wp\/v2\/pages\/1327\/revisions\/4070"}],"wp:attachment":[{"href":"https:\/\/cilenedelfaro.com\/en\/wp-json\/wp\/v2\/media?parent=1327"}],"curies":[{"name":"wp","href":"https:\/\/api.w.org\/{rel}","templated":true}]}}