{"id":499,"date":"2022-05-30T15:00:15","date_gmt":"2022-05-30T15:00:15","guid":{"rendered":"http:\/\/cilenedelfuego.wwwaz1-lr4.supercp.com\/?page_id=499"},"modified":"2024-11-12T21:39:40","modified_gmt":"2024-11-12T21:39:40","slug":"spa","status":"publish","type":"page","link":"https:\/\/cilenedelfaro.com\/en\/spa\/","title":{"rendered":"SPA"},"content":{"rendered":"<p>[spb_row element_name=&#8221;Row&#8221; wrap_type=&#8221;standard-width&#8221; row_bg_type=&#8221;color&#8221; row_bg_color=&#8221;#ffffff&#8221; color_row_height=&#8221;content-height&#8221; bg_type=&#8221;cover&#8221; parallax_image_height=&#8221;content-height&#8221; parallax_image_movement=&#8221;fixed&#8221; parallax_image_speed=&#8221;standard&#8221; bg_video_loop=&#8221;yes&#8221; parallax_video_height=&#8221;window-height&#8221; row_top_style=&#8221;none&#8221; row_bottom_style=&#8221;none&#8221; parallax_video_overlay=&#8221;none&#8221; row_overlay_opacity=&#8221;0&#8243; remove_element_spacing=&#8221;no&#8221; row_col_spacing=&#8221;0&#8243; row_col_pos=&#8221;default&#8221; row_col_equal_heights=&#8221;no&#8221; row_expanding=&#8221;no&#8221; row_animation=&#8221;none&#8221; row_animation_delay=&#8221;0&#8243; minimize_row=&#8221;no&#8221; simplified_controls=&#8221;no&#8221; custom_css_percentage=&#8221;no&#8221; custom_css=&#8221;margin-top: 0px;margin-bottom: 0px;padding-left: 30px;padding-right: 30px;&#8221; border_styling_global=&#8221;default&#8221; width=&#8221;1\/1&#8243; el_position=&#8221;first last&#8221;] [spb_blank_spacer height=&#8221;30px&#8221; responsive_vis=&#8221;hidden-xs&#8221; width=&#8221;1\/4&#8243; el_position=&#8221;first last&#8221;] [spb_text_block animation=&#8221;fadeIn&#8221; animation_delay=&#8221;500&#8243; simplified_controls=&#8221;yes&#8221; custom_css_percentage=&#8221;no&#8221; padding_vertical=&#8221;0&#8243; padding_horizontal=&#8221;0&#8243; margin_vertical=&#8221;0&#8243; custom_css=&#8221;margin-top: 0px;margin-bottom: 0px;&#8221; border_size=&#8221;0&#8243; border_styling_global=&#8221;default&#8221; width=&#8221;1\/1&#8243; el_position=&#8221;first last&#8221;]<\/p>\n<h1 style=\"padding-left: 40px; text-align: left;\"><span style=\"color: #a8a1a1;\"><span style=\"font-weight: 400;\">Bienvenido a Nuestro SPA, Tu Refugio de Tranquilidad.<\/span><\/span><\/h1>\n<h2 style=\"padding-left: 40px;\"><\/h2>\n<p>[\/spb_text_block] [spb_gallery gallery_id=&#8221;702&#8243; display_type=&#8221;slider&#8221; columns=&#8221;5&#8243; fullwidth=&#8221;no&#8221; gutters=&#8221;yes&#8221; image_size=&#8221;full&#8221; slider_transition=&#8221;slide&#8221; show_thumbs=&#8221;no&#8221; autoplay=&#8221;yes&#8221; show_captions=&#8221;no&#8221; enable_lightbox=&#8221;no&#8221; width=&#8221;1\/2&#8243; el_position=&#8221;first&#8221;] [spb_text_block animation=&#8221;none&#8221; animation_delay=&#8221;0&#8243; simplified_controls=&#8221;no&#8221; custom_css_percentage=&#8221;no&#8221; padding_vertical=&#8221;0&#8243; padding_horizontal=&#8221;0&#8243; margin_vertical=&#8221;0&#8243; custom_css=&#8221;margin-top: 0px;margin-bottom: 0px;padding-right: 20px;&#8221; border_size=&#8221;0&#8243; border_styling_global=&#8221;default&#8221; width=&#8221;1\/2&#8243; el_position=&#8221;last&#8221;]<\/p>\n<p>&nbsp;<\/p>\n<hr \/>\n<h2 style=\"padding-left: 40px;\"><span style=\"color: #a8a1a1;\">Rel\u00e1jase y rejuvenzcase de pies a cabeza. Elimine sus preocupaciones en nuestro gimnasio, sum\u00e9rjase en nuestra piscina cubierta climatizada, disfrute de la serenidad de nuestro sauna seco o rel\u00e1jase en nuestro jacuzzi.<\/span><\/h2>\n<hr \/>\n<p>&nbsp;<\/p>\n<p>[\/spb_text_block] [spb_blank_spacer height=&#8221;30px&#8221; width=&#8221;1\/1&#8243; el_position=&#8221;first last&#8221;] [spb_blank_spacer height=&#8221;30px&#8221; width=&#8221;1\/1&#8243; el_position=&#8221;first last&#8221;] [\/spb_row] [spb_row element_name=&#8221;Row&#8221; wrap_type=&#8221;full-width-contained&#8221; row_bg_type=&#8221;color&#8221; row_bg_color=&#8221;#edeaea&#8221; color_row_height=&#8221;content-height&#8221; bg_type=&#8221;cover&#8221; parallax_image_height=&#8221;content-height&#8221; parallax_image_movement=&#8221;fixed&#8221; parallax_image_speed=&#8221;standard&#8221; bg_video_loop=&#8221;yes&#8221; parallax_video_height=&#8221;window-height&#8221; row_top_style=&#8221;none&#8221; row_bottom_style=&#8221;none&#8221; parallax_video_overlay=&#8221;none&#8221; row_overlay_opacity=&#8221;0&#8243; remove_element_spacing=&#8221;no&#8221; row_col_spacing=&#8221;0&#8243; row_col_pos=&#8221;default&#8221; row_col_equal_heights=&#8221;no&#8221; row_expanding=&#8221;no&#8221; row_animation=&#8221;none&#8221; row_animation_delay=&#8221;0&#8243; minimize_row=&#8221;no&#8221; simplified_controls=&#8221;yes&#8221; custom_css_percentage=&#8221;no&#8221; custom_css=&#8221;margin-top: 0px;margin-bottom: 0px;&#8221; border_styling_global=&#8221;default&#8221; width=&#8221;1\/1&#8243; el_position=&#8221;first last&#8221;] [spb_blank_spacer height=&#8221;30px&#8221; width=&#8221;1\/1&#8243; el_position=&#8221;first last&#8221;] [spb_blank_spacer height=&#8221;30px&#8221; width=&#8221;1\/1&#8243; el_position=&#8221;first last&#8221;] [spb_text_block animation=&#8221;fadeIn&#8221; animation_delay=&#8221;700&#8243; simplified_controls=&#8221;no&#8221; custom_css_percentage=&#8221;no&#8221; padding_vertical=&#8221;0&#8243; padding_horizontal=&#8221;0&#8243; margin_vertical=&#8221;0&#8243; custom_css=&#8221;margin-top: 0px;margin-bottom: 0px;padding-right: 80px;&#8221; border_size=&#8221;0&#8243; border_styling_global=&#8221;default&#8221; width=&#8221;1\/2&#8243; el_position=&#8221;first&#8221;]<\/p>\n<p>&nbsp;<\/p>\n<p>&nbsp;<\/p>\n<hr \/>\n<h2 style=\"padding-left: 40px; text-align: right;\"><span style=\"font-weight: 400; color: #a8a1a1;\">Sum\u00e9rjase en la m\u00e1xima relajaci\u00f3n al disfrutar de nuestros exclusivos masajes y tratamientos faciales. Disponibles durante todo el a\u00f1o, puede reservarlos f\u00e1cilmente en recepci\u00f3n.<\/span><\/h2>\n<p>&nbsp;<\/p>\n<hr \/>\n<p>&nbsp;<\/p>\n<p>[\/spb_text_block] [spb_image_banner element_name=&#8221;ASK IN OUR RECEPTION FOR MORE INFO!&#8221; image=&#8221;2853&#8243; image_size=&#8221;full&#8221; content_pos=&#8221;left&#8221; content_textalign=&#8221;left&#8221; animation=&#8221;none&#8221; animation_delay=&#8221;200&#8243; link_target=&#8221;_self&#8221; width=&#8221;1\/2&#8243; el_position=&#8221;last&#8221;]<\/p>\n<h2><\/h2>\n<h2 style=\"text-align: left;\"><span style=\"color: #ffffff;\"><span class=\"highlighted\">Pregunta en nuestra recepci\u00f3n para m\u00e1s informaci\u00f3n o reservas<\/span><\/span><\/h2>\n<p>[\/spb_image_banner] [spb_blank_spacer height=&#8221;30px&#8221; width=&#8221;1\/1&#8243; el_position=&#8221;first last&#8221;] [spb_blank_spacer height=&#8221;30px&#8221; width=&#8221;1\/1&#8243; el_position=&#8221;first last&#8221;] [\/spb_row] [spb_row element_name=&#8221;Row&#8221; wrap_type=&#8221;full-width-contained&#8221; row_bg_type=&#8221;color&#8221; row_bg_color=&#8221;#ffffff&#8221; color_row_height=&#8221;content-height&#8221; bg_type=&#8221;cover&#8221; parallax_image_height=&#8221;content-height&#8221; parallax_image_movement=&#8221;fixed&#8221; parallax_image_speed=&#8221;standard&#8221; bg_video_loop=&#8221;yes&#8221; parallax_video_height=&#8221;window-height&#8221; row_top_style=&#8221;none&#8221; row_bottom_style=&#8221;none&#8221; parallax_video_overlay=&#8221;none&#8221; row_overlay_opacity=&#8221;0&#8243; remove_element_spacing=&#8221;no&#8221; row_col_spacing=&#8221;0&#8243; row_col_pos=&#8221;default&#8221; row_col_equal_heights=&#8221;no&#8221; row_expanding=&#8221;no&#8221; row_animation=&#8221;bounceInRight&#8221; row_animation_delay=&#8221;2000&#8243; minimize_row=&#8221;no&#8221; simplified_controls=&#8221;no&#8221; custom_css_percentage=&#8221;no&#8221; custom_css=&#8221;margin-top: 0px;margin-bottom: 0px;padding-left: 40px;padding-right: 40px;&#8221; border_styling_global=&#8221;default&#8221; width=&#8221;1\/1&#8243; el_position=&#8221;first last&#8221;] [spb_blank_spacer height=&#8221;80px&#8221; width=&#8221;1\/1&#8243; el_position=&#8221;first last&#8221;] [spb_text_block animation=&#8221;fadeIn&#8221; animation_delay=&#8221;0&#8243; simplified_controls=&#8221;yes&#8221; custom_css_percentage=&#8221;no&#8221; padding_vertical=&#8221;0&#8243; padding_horizontal=&#8221;0&#8243; margin_vertical=&#8221;0&#8243; custom_css=&#8221;margin-top: 0px;margin-bottom: 0px;&#8221; border_size=&#8221;0&#8243; border_styling_global=&#8221;default&#8221; width=&#8221;1\/1&#8243; el_position=&#8221;first last&#8221;]<\/p>\n<h1>Tratamientos del SPA<\/h1>\n<p>[\/spb_text_block] [spb_icon_box element_name=&#8221;TRATAMIENTOS FACIALES&#8221; title=&#8221;TRATAMIENTOS FACIALES&#8221; box_type=&#8221;animated&#8221; box_icon_type=&#8221;image&#8221; icon=&#8221;fas fa-spa&#8221; image=&#8221;1878&#8243; animate_svg=&#8221;no&#8221; target=&#8221;_self&#8221; animation=&#8221;flipInX&#8221; animation_delay=&#8221;700&#8243; icon_color=&#8221;#f59d64&#8243; icon_bg_color=&#8221;#e6cac1&#8243; text_color=&#8221;#8b8b8b&#8221; bg_color=&#8221;#ededed&#8221; flip_bg_color=&#8221;#ba9393&#8243; flip_text_color=&#8221;#ffffff&#8221; animated_box_style=&#8221;coloured&#8221; animated_box_rounded=&#8221;yes&#8221; el_class=&#8221;border: solid;&#8221; width=&#8221;1\/3&#8243; el_position=&#8221;first&#8221;]<\/p>\n<p><span style=\"font-weight: 400;\">Disponemos de una gama de tratamientos de limpieza facial que restauran la elasticidad y la hidrataci\u00f3n natural de la piel, ayudando a reducir la flacidez y mejorar la firmeza para un cutis visiblemente rejuvenecido.<\/span><\/p>\n<p>[\/spb_icon_box] [spb_icon_box element_name=&#8221;MASAJE DESCONTRACTURANTE&#8221; title=&#8221;MASAJE DESCONTRACTURANTE&#8221; box_type=&#8221;animated&#8221; box_icon_type=&#8221;image&#8221; icon=&#8221;fas fa-skiing&#8221; image=&#8221;3350&#8243; animate_svg=&#8221;no&#8221; target=&#8221;_self&#8221; animation=&#8221;flipInX&#8221; animation_delay=&#8221;900&#8243; icon_color=&#8221;#8b8b8b&#8221; icon_bg_color=&#8221;#f2663a&#8221; text_color=&#8221;#8b8b8b&#8221; bg_color=&#8221;#d3d7e3&#8243; flip_bg_color=&#8221;#ba9393&#8243; flip_text_color=&#8221;#ffffff&#8221; animated_box_style=&#8221;coloured&#8221; animated_box_rounded=&#8221;yes&#8221; width=&#8221;1\/3&#8243;]<\/p>\n<p class=\"p1\">Alivia la tensi\u00f3n y los nudos musculares, enfoc\u00e1ndose en \u00e1reas espec\u00edficas del cuerpo donde la rigidez y la incomodidad pueden manifestarse, atenuando el dolor y favoreciendo la mejora de la flexibilidad.<\/p>\n<p>[\/spb_icon_box] [spb_icon_box element_name=&#8221;MASAJE REFLEXOLOG\u00cdA&#8221; title=&#8221;MASAJE REFLEXOLOG\u00cdA&#8221; box_type=&#8221;animated&#8221; box_icon_type=&#8221;image&#8221; icon=&#8221;sf-im-arrow-right&#8221; image=&#8221;1523&#8243; animate_svg=&#8221;no&#8221; target=&#8221;_self&#8221; animation=&#8221;flipInX&#8221; animation_delay=&#8221;1100&#8243; icon_color=&#8221;#ba9393&#8243; text_color=&#8221;#a8a1a1&#8243; bg_color=&#8221;#ededed&#8221; flip_bg_color=&#8221;#ba9393&#8243; flip_text_color=&#8221;#ffffff&#8221; animated_box_style=&#8221;coloured&#8221; animated_box_rounded=&#8221;yes&#8221; width=&#8221;1\/3&#8243; el_position=&#8221;last&#8221;]<\/p>\n<p>Nuestro masaje de reflexolog\u00eda trabaja a trav\u00e9s de una t\u00e9cnica de masaje que toca los puntos de presi\u00f3n de manos y pies. Estos, a su vez, indican al cuerpo que debe ajustar el nivel de tensi\u00f3n, reduciendo el estr\u00e9s.<\/p>\n<p>[\/spb_icon_box] [spb_blank_spacer height=&#8221;30px&#8221; width=&#8221;1\/1&#8243; el_position=&#8221;first last&#8221;] [spb_icon_box element_name=&#8221;MASAJE 30\u2019&#8221; title=&#8221;MASAJE 30\u2019&#8221; box_type=&#8221;animated&#8221; box_icon_type=&#8221;image&#8221; icon=&#8221;fas fa-hand-holding-heart&#8221; image=&#8221;3689&#8243; animate_svg=&#8221;no&#8221; target=&#8221;_self&#8221; animation=&#8221;flipInX&#8221; animation_delay=&#8221;700&#8243; icon_color=&#8221;#ba9393&#8243; icon_bg_color=&#8221;#8b8b8b&#8221; text_color=&#8221;#8b8b8b&#8221; bg_color=&#8221;#d3d7e3&#8243; flip_bg_color=&#8221;#ba9393&#8243; flip_text_color=&#8221;#ffffff&#8221; animated_box_style=&#8221;coloured&#8221; animated_box_rounded=&#8221;yes&#8221; width=&#8221;1\/3&#8243; el_position=&#8221;first&#8221;]<\/p>\n<p class=\"p1\">Ofrece alivio ante leves rigideces musculares, estr\u00e9s e incomodidades. Recomendado para quienes tienen poco tiempo, una manera r\u00e1pida pero efectiva de abordar zonas de tensi\u00f3n y promover la relajaci\u00f3n.<\/p>\n<p>[\/spb_icon_box] [spb_icon_box element_name=&#8221;MASAJE CON PIEDRAS CALIENTES&#8221; title=&#8221;MASAJE CON PIEDRAS CALIENTES&#8221; box_type=&#8221;animated&#8221; box_icon_type=&#8221;image&#8221; icon=&#8221;sf-im-arrow-right&#8221; image=&#8221;1533&#8243; animate_svg=&#8221;no&#8221; target=&#8221;_self&#8221; animation=&#8221;flipInX&#8221; animation_delay=&#8221;700&#8243; icon_color=&#8221;#ba9393&#8243; icon_bg_color=&#8221;#ba9393&#8243; text_color=&#8221;#8b8b8b&#8221; bg_color=&#8221;#ededed&#8221; flip_bg_color=&#8221;#ba9393&#8243; flip_text_color=&#8221;#ffffff&#8221; animated_box_style=&#8221;coloured&#8221; animated_box_rounded=&#8221;yes&#8221; width=&#8221;1\/3&#8243;]<\/p>\n<p><span style=\"font-weight: 400;\">Ayuda a controlar el dolor cr\u00f3nico, mejora la circulaci\u00f3n sangu\u00ednea y reduce el estr\u00e9s, la fatiga y la ansiedad, lo que le brinda una sensaci\u00f3n de alivio y le permite dormir mejor.<br \/>\n<\/span><\/p>\n<p>[\/spb_icon_box] [spb_icon_box element_name=&#8221;MASAJE RELAJANTE&#8221; title=&#8221;MASAJE RELAJANTE&#8221; box_type=&#8221;animated&#8221; box_icon_type=&#8221;image&#8221; icon=&#8221;sf-im-arrow-right&#8221; image=&#8221;1578&#8243; animate_svg=&#8221;no&#8221; target=&#8221;_self&#8221; animation=&#8221;flipInX&#8221; animation_delay=&#8221;700&#8243; icon_color=&#8221;#ba9393&#8243; icon_bg_color=&#8221;#ba9393&#8243; text_color=&#8221;#8b8b8b&#8221; bg_color=&#8221;#d3d7e3&#8243; flip_bg_color=&#8221;#ba9393&#8243; flip_text_color=&#8221;#ffffff&#8221; animated_box_style=&#8221;coloured&#8221; animated_box_rounded=&#8221;yes&#8221; width=&#8221;1\/3&#8243; el_position=&#8221;last&#8221;]<\/p>\n<p class=\"p1\">Ideal para aquellos que buscan calmar la mente y el cuerpo. Este masaje, con sus suaves movimientos y t\u00e9cnicas relajantes, disuelve la tensi\u00f3n, promoviendo una profunda sensaci\u00f3n de tranquilidad.<\/p>\n<p>&nbsp;<\/p>\n<p>[\/spb_icon_box] [spb_blank_spacer height=&#8221;80px&#8221; width=&#8221;1\/1&#8243; el_position=&#8221;first last&#8221;] [spb_button button_text=&#8221;RESERVE SUS TRATAMIENTOS&#8221; button_size=&#8221;standard&#8221; button_colour=&#8221;blue&#8221; button_type=&#8221;stroke-to-fill&#8221; rounded=&#8221;no&#8221; button_dropshadow=&#8221;no&#8221; button_icon=&#8221;sf-im-phone-2&#8243; button_link=&#8221;https:\/\/wa.link\/615lmo&#8221; button_target=&#8221;_self&#8221; align=&#8221;center&#8221; animation=&#8221;flipInX&#8221; animation_delay=&#8221;500&#8243; width=&#8221;1\/1&#8243; el_position=&#8221;first last&#8221;] [spb_blank_spacer height=&#8221;30px&#8221; width=&#8221;1\/1&#8243; el_position=&#8221;first last&#8221;] [\/spb_row] [spb_row element_name=&#8221;Row&#8221; wrap_type=&#8221;full-width-contained&#8221; row_bg_type=&#8221;color&#8221; row_bg_color=&#8221;#d3d7e3&#8243; color_row_height=&#8221;content-height&#8221; bg_type=&#8221;cover&#8221; parallax_image_height=&#8221;content-height&#8221; parallax_image_movement=&#8221;fixed&#8221; parallax_image_speed=&#8221;standard&#8221; bg_video_loop=&#8221;yes&#8221; parallax_video_height=&#8221;window-height&#8221; row_top_style=&#8221;none&#8221; row_bottom_style=&#8221;none&#8221; parallax_video_overlay=&#8221;none&#8221; row_overlay_opacity=&#8221;0&#8243; remove_element_spacing=&#8221;no&#8221; row_col_spacing=&#8221;0&#8243; row_col_pos=&#8221;default&#8221; row_col_equal_heights=&#8221;no&#8221; row_expanding=&#8221;no&#8221; row_animation=&#8221;none&#8221; row_animation_delay=&#8221;0&#8243; minimize_row=&#8221;no&#8221; simplified_controls=&#8221;yes&#8221; custom_css_percentage=&#8221;no&#8221; custom_css=&#8221;margin-top: 0px;margin-bottom: 0px;&#8221; border_styling_global=&#8221;default&#8221; width=&#8221;1\/1&#8243; el_position=&#8221;first last&#8221;] [spb_blank_spacer height=&#8221;30px&#8221; width=&#8221;1\/1&#8243; el_position=&#8221;first last&#8221;] [spb_text_block animation=&#8221;flipInX&#8221; animation_delay=&#8221;600&#8243; simplified_controls=&#8221;no&#8221; custom_css_percentage=&#8221;no&#8221; padding_vertical=&#8221;0&#8243; padding_horizontal=&#8221;0&#8243; margin_vertical=&#8221;0&#8243; custom_css=&#8221;margin-top: 0px;margin-bottom: 0px;padding-right: 80px;&#8221; border_size=&#8221;0&#8243; border_styling_global=&#8221;default&#8221; width=&#8221;1\/1&#8243; el_position=&#8221;first last&#8221;]<\/p>\n<hr \/>\n<h2 style=\"padding-left: 40px; text-align: center;\"><span style=\"color: #ffffff;\"><em><span style=\"font-weight: 400;\">Nuestros servicios de spa son exclusivos para nuestros hu\u00e9spedes. Menores de 18 a\u00f1os deben estar acompa\u00f1ados por un adulto en todo momento.<br \/>\n<\/span><\/em><\/span><\/h2>\n<hr \/>\n<h2 style=\"padding-left: 40px; text-align: center;\"><\/h2>\n<p>[\/spb_text_block] [spb_blank_spacer height=&#8221;30px&#8221; width=&#8221;1\/1&#8243; el_position=&#8221;first last&#8221;] [\/spb_row]<\/p>\n","protected":false},"excerpt":{"rendered":"<p>[spb_row element_name=&#8221;Row&#8221; wrap_type=&#8221;standard-width&#8221; row_bg_type=&#8221;color&#8221; row_bg_color=&#8221;#ffffff&#8221; color_row_height=&#8221;content-height&#8221; bg_type=&#8221;cover&#8221; parallax_image_height=&#8221;content-height&#8221; parallax_image_movement=&#8221;fixed&#8221; parallax_image_speed=&#8221;standard&#8221; bg_video_loop=&#8221;yes&#8221; parallax_video_height=&#8221;window-height&#8221; row_top_style=&#8221;none&#8221; row_bottom_style=&#8221;none&#8221; parallax_video_overlay=&#8221;none&#8221; row_overlay_opacity=&#8221;0&#8243; remove_element_spacing=&#8221;no&#8221; row_col_spacing=&#8221;0&#8243; row_col_pos=&#8221;default&#8221; row_col_equal_heights=&#8221;no&#8221; row_expanding=&#8221;no&#8221; row_animation=&#8221;none&#8221; row_animation_delay=&#8221;0&#8243; minimize_row=&#8221;no&#8221; simplified_controls=&#8221;no&#8221; custom_css_percentage=&#8221;no&#8221; custom_css=&#8221;margin-top: 0px;margin-bottom: 0px;padding-left: 30px;padding-right: 30px;&#8221; border_styling_global=&#8221;default&#8221; width=&#8221;1\/1&#8243; el_position=&#8221;first last&#8221;] [spb_blank_spacer height=&#8221;30px&#8221; responsive_vis=&#8221;hidden-xs&#8221; width=&#8221;1\/4&#8243; el_position=&#8221;first last&#8221;] [spb_text_block animation=&#8221;fadeIn&#8221; animation_delay=&#8221;500&#8243; simplified_controls=&#8221;yes&#8221; custom_css_percentage=&#8221;no&#8221; padding_vertical=&#8221;0&#8243; padding_horizontal=&#8221;0&#8243; margin_vertical=&#8221;0&#8243; custom_css=&#8221;margin-top: 0px;margin-bottom: 0px;&#8221; border_size=&#8221;0&#8243; border_styling_global=&#8221;default&#8221; width=&#8221;1\/1&#8243; el_position=&#8221;first last&#8221;] Bienvenido a Nuestro [&hellip;]<\/p>\n","protected":false},"author":1,"featured_media":0,"parent":0,"menu_order":0,"comment_status":"closed","ping_status":"closed","template":"","meta":{"footnotes":""},"class_list":["post-499","page","type-page","status-publish","hentry"],"_links":{"self":[{"href":"https:\/\/cilenedelfaro.com\/en\/wp-json\/wp\/v2\/pages\/499","targetHints":{"allow":["GET"]}}],"collection":[{"href":"https:\/\/cilenedelfaro.com\/en\/wp-json\/wp\/v2\/pages"}],"about":[{"href":"https:\/\/cilenedelfaro.com\/en\/wp-json\/wp\/v2\/types\/page"}],"author":[{"embeddable":true,"href":"https:\/\/cilenedelfaro.com\/en\/wp-json\/wp\/v2\/users\/1"}],"replies":[{"embeddable":true,"href":"https:\/\/cilenedelfaro.com\/en\/wp-json\/wp\/v2\/comments?post=499"}],"version-history":[{"count":281,"href":"https:\/\/cilenedelfaro.com\/en\/wp-json\/wp\/v2\/pages\/499\/revisions"}],"predecessor-version":[{"id":4067,"href":"https:\/\/cilenedelfaro.com\/en\/wp-json\/wp\/v2\/pages\/499\/revisions\/4067"}],"wp:attachment":[{"href":"https:\/\/cilenedelfaro.com\/en\/wp-json\/wp\/v2\/media?parent=499"}],"curies":[{"name":"wp","href":"https:\/\/api.w.org\/{rel}","templated":true}]}}